{"id":727,"date":"2020-06-30T10:10:24","date_gmt":"2020-06-30T10:10:24","guid":{"rendered":"https:\/\/hotelriojano.com\/?page_id=727"},"modified":"2020-06-30T10:50:09","modified_gmt":"2020-06-30T10:50:09","slug":"politica-de-cookies","status":"publish","type":"page","link":"https:\/\/hotelriojano.com\/index.php\/politica-de-cookies\/","title":{"rendered":"Pol\u00edtica de Cookies"},"content":{"rendered":"\t\t<div data-elementor-type=\"wp-page\" data-elementor-id=\"727\" class=\"elementor elementor-727\" data-elementor-settings=\"[]\">\n\t\t\t\t\t\t<div class=\"elementor-inner\">\n\t\t\t\t\t\t\t<div class=\"elementor-section-wrap\">\n\t\t\t\t\t\t\t<section class=\"elementor-section elementor-top-section elementor-element elementor-element-af36cdf elementor-section-boxed elementor-section-height-default elementor-section-height-default\" data-id=\"af36cdf\" data-element_type=\"section\">\n\t\t\t\t\t\t<div class=\"elementor-container elementor-column-gap-default\">\n\t\t\t\t\t\t\t<div class=\"elementor-row\">\n\t\t\t\t\t<div class=\"elementor-column elementor-col-100 elementor-top-column elementor-element elementor-element-3b3b9c7\" data-id=\"3b3b9c7\" data-element_type=\"column\">\n\t\t\t<div class=\"elementor-column-wrap elementor-element-populated\">\n\t\t\t\t\t\t\t<div class=\"elementor-widget-wrap\">\n\t\t\t\t\t\t<div class=\"elementor-element elementor-element-156e030 elementor-widget elementor-widget-heading\" data-id=\"156e030\" data-element_type=\"widget\" data-widget_type=\"heading.default\">\n\t\t\t\t<div class=\"elementor-widget-container\">\n\t\t\t<h2 class=\"elementor-heading-title elementor-size-default\">Pol\u00edtica de Cookies<\/h2>\t\t<\/div>\n\t\t\t\t<\/div>\n\t\t\t\t\t\t<\/div>\n\t\t\t\t\t<\/div>\n\t\t<\/div>\n\t\t\t\t\t\t\t\t<\/div>\n\t\t\t\t\t<\/div>\n\t\t<\/section>\n\t\t\t\t<section class=\"elementor-section elementor-top-section elementor-element elementor-element-ebf0838 elementor-section-boxed elementor-section-height-default elementor-section-height-default\" data-id=\"ebf0838\" data-element_type=\"section\">\n\t\t\t\t\t\t<div class=\"elementor-container elementor-column-gap-default\">\n\t\t\t\t\t\t\t<div class=\"elementor-row\">\n\t\t\t\t\t<div class=\"elementor-column elementor-col-100 elementor-top-column elementor-element elementor-element-126b83d\" data-id=\"126b83d\" data-element_type=\"column\">\n\t\t\t<div class=\"elementor-column-wrap elementor-element-populated\">\n\t\t\t\t\t\t\t<div class=\"elementor-widget-wrap\">\n\t\t\t\t\t\t<div class=\"elementor-element elementor-element-055bddf elementor-widget elementor-widget-text-editor\" data-id=\"055bddf\" data-element_type=\"widget\" data-widget_type=\"text-editor.default\">\n\t\t\t\t<div class=\"elementor-widget-container\">\n\t\t\t\t\t<div class=\"elementor-text-editor elementor-clearfix\"><div class=\"entry-content\"><h6><strong>INFORMACI\u00d3N SOBRE <\/strong><em><strong>COOKIES<\/strong><\/em><\/h6><p>Debido a la entrada en vigor de la referente modificaci\u00f3n de la \u201cLey<br \/>de Servicios de la Sociedad de la Informaci\u00f3n\u201d (LSSICE) establecida por<br \/>el Real Decreto 13\/2012, es de obligaci\u00f3n obtener el consentimiento<br \/>expreso del usuario de todas las p\u00e1ginas web que usan <em>cookies <\/em>prescindibles,<em>\u00a0<\/em>antes de que \u00e9ste navegue por ellas.<\/p><p><strong>\u00bfQU\u00c9 SON LAS <\/strong><em><strong>COOKIES<\/strong><\/em><strong>?<\/strong><\/p><p>Las <em>cookies <\/em>y otras tecnolog\u00edas similares tales como local shared objects, flash <em>cookies <\/em>o<br \/>p\u00edxeles, son herramientas empleadas por los servidores Web para<br \/>almacenar y recuperar informaci\u00f3n acerca de sus visitantes, as\u00ed como<br \/>para ofrecer un correcto funcionamiento del sitio.<\/p><p>Mediante el uso de estos dispositivos se permite al servidor Web<br \/>recordar algunos datos concernientes al usuario, como sus preferencias<br \/>para la visualizaci\u00f3n de las p\u00e1ginas de ese servidor, nombre y<br \/>contrase\u00f1a, productos que m\u00e1s le interesan, etc.<\/p><p><strong><em>COOKIES <\/em><\/strong><strong>AFECTADAS POR LA NORMATIVA Y <\/strong><em><strong>COOKIES <\/strong><\/em><strong>EXCEPTUADAS<\/strong><\/p><p>Seg\u00fan la directiva de la UE, las <em>cookies <\/em>que requieren el consentimiento informado por parte del usuario son las <em>cookies <\/em>de<br \/>anal\u00edtica y las de publicidad y afiliaci\u00f3n, quedando exceptuadas las de<br \/>car\u00e1cter t\u00e9cnico y las necesarias para el funcionamiento del sitio web o<br \/>la prestaci\u00f3n de servicios expresamente solicitados por el usuario.<\/p><p><strong>\u00bfQU\u00c9 TIPOS DE <\/strong><em><strong>COOKIES <\/strong><\/em><strong>EXISTEN?<\/strong><\/p><p>Sobre los tipos de cookies, existen cinco grandes grupos:<\/p><ul><li><em>Cookies <\/em>anal\u00edticas: recogen informaci\u00f3n del uso que se realiza del sitio web.<\/li><\/ul><ul><li><em>Cookies <\/em>sociales: son aquellas necesarias para redes sociales externas.<\/li><\/ul><ul><li>\u00a0<em>Cookies <\/em>de afiliados: permiten hacer un seguimiento de las<br \/>visitas procedentes de otras webs, con las que el sitio web establece<br \/>un contrato de afiliaci\u00f3n (empresas de afiliaci\u00f3n).<\/li><\/ul><ul><li><em>Cookies <\/em>de publicidad y comportamentales: recogen informaci\u00f3n sobre las preferencias y elecciones personales del usuario (<em>retargeting<\/em>).<\/li><\/ul><ul><li><em>Cookies <\/em>t\u00e9cnicas y funcionales: son las estrictamente necesarias para el uso del sitio web y para la prestaci\u00f3n del servicio contratado.<\/li><\/ul><p><em><strong>COOKIES <\/strong><\/em><strong>QUE SE UTILIZAN EN ESTE SITIO WEB<\/strong><\/p><p><strong><em>Listar los nombres de las cookies, tipo, propietario, funci\u00f3n y vencimiento, por ejemplo:<\/em><\/strong><\/p><ul><li><strong>PHPSESSID<\/strong>: <em>cookie <\/em>t\u00e9cnica y estrictamente necesaria que contiene el identificador de la sesi\u00f3n. Se elimina al cerrar el navegador.<\/li><li><strong>_lang<\/strong>: <em>cookie <\/em>t\u00e9cnica y estrictamente necesaria\u00a0que contiene el idioma de la sesi\u00f3n. Se elimina al cerrar el navegador.<\/li><li><strong>ac_cookies<\/strong>:\u00a0<em>cookie <\/em>t\u00e9cnica y estrictamente<br \/>necesaria que contiene el valor de si se ha aceptado la instalaci\u00f3n de<br \/>cookies. Caduca en 1 a\u00f1o desde la \u00faltima actualizaci\u00f3n.<\/li><li><strong>_ga<\/strong>: <em>cookie <\/em>de Google Analytics que<br \/>habilita la funci\u00f3n de control de visitas \u00fanicas. La primera vez que un<br \/>usuario entre en el sitio web a trav\u00e9s de un navegador se instalar\u00e1 esta<br \/><em>cookie<\/em>. Cuando este usuario vuelva a entrar en la web con el mismo navegador, la <em>cookie <\/em>considerar\u00e1<br \/>que es el mismo usuario. Solo en el caso de que el usuario cambie de<br \/>navegador, se considerar\u00e1 otro usuario. Caduca a los 2 a\u00f1os desde la<br \/>\u00faltima actualizaci\u00f3n.<\/li><li>_<strong>gat<\/strong>: Esta <em>cookie <\/em>se asocia con Google<br \/>Analytics Universal. Se utiliza para limitar la velocidad de petici\u00f3n \u2013<br \/>la limitaci\u00f3n de la recogida de datos en los sitios de alto tr\u00e1fico.<br \/>Caduca a los 10 minutos.<\/li><li><strong>_utma<\/strong>: <em>cookie de\u00a0<\/em>Google Analytics que<br \/>registra la fecha de la primera y \u00faltima vez que el usuario visti\u00f3 el<br \/>sitio web. Caduca a los 2 a\u00f1os desde la \u00faltima actualizaci\u00f3n.<\/li><li><strong>_utmb<\/strong>: <em>cookie <\/em>de Google Analytics que registra la hora de llegada a la p\u00e1gina web. Caduca a los 30 minutos desde la \u00faltima actualizaci\u00f3n.<\/li><li><strong>_utmc<\/strong>: <em>cookie <\/em>de Google Analytics<br \/>utilizada para la interoperabilidad con el c\u00f3digo de seguimiento<br \/>urchin.js. Se elimina al cerrar el navegador.<\/li><li>_<strong>utmt<\/strong>: cookie de Google Analytics. Esta <em>cookie <\/em>se utiliza para procesar el tipo de solicitud pedida por el usuario. Caduca al finalizar la sesi\u00f3n.<\/li><li>_<strong>utmv<\/strong>: cookie de Google Analytics. Esta <em>cookie <\/em>se utiliza para segmentar datos demogr\u00e1ficos. Caduca al finalizar la sesi\u00f3n.<\/li><li><strong>_utmz<\/strong>: <em>cookie <\/em>de Google Analytics que<br \/>almacena la fuente de tr\u00e1fico o una campa\u00f1a para explicar c\u00f3mo el<br \/>usuario lleg\u00f3 al sitio web. Caduca a los 6 meses desde la \u00faltima<br \/>actualizaci\u00f3n.<\/li><\/ul><p><strong>\u00a0REVOCACI\u00d3N DEL CONSENTIMIENTO PARA INSTALAR COOKIES<\/strong><\/p><p><strong>COMO ELIMINAR LAS COOKIES DEL NAVEGADOR<\/strong><\/p><p><strong>Chrome<\/strong><\/p><p>1. Selecciona el icono de Herramientas<br \/>2. Haz clic en Configuraci\u00f3n.<br \/>3. Haz clic en Mostrar Opciones Avanzadas.<br \/>4. En la secci\u00f3n \u201cPrivacidad\u201d haz clic en Configuraci\u00f3n de contenido.<br \/>\u2022 Eliminar cookies: Haz clic en Todas las cookies y los datos de sitios\u2026<br \/>\u2022 No permitir que se almacenen cookies.<br \/>5. Haz clic en Eliminar datos de navegaci\u00f3n (vaciar la Cach\u00e9).<br \/>6. Cierra y reinicia el navegador.<\/p><p>Para m\u00e1s informaci\u00f3n sobre Chrome pulse aqu\u00ed: <a href=\"http:\/\/support.google.com\/chrome\/answer\/95647?hl=es\">http:\/\/support.google.com\/chrome\/answer\/95647?hl=es<\/a><\/p><p><strong>Internet Explorer.\u00a0Versi\u00f3n 11<\/strong><\/p><p>1. Selecciona Herramientas | Opciones de Internet.<br \/>2. Haz clic en la ficha General.<br \/>3. En la secci\u00f3n \u201cHistorial de exploraci\u00f3n\u201d, haz clic en Eliminar el historial de exploraci\u00f3n al salir.<br \/>4. Seleccionar Eliminar archivos.<br \/>5. Seleccionar Eliminar cookies.<br \/>6. Haz clic en Eliminar.<br \/>7. Haz clic en Aceptar.<br \/>8. Cierra y reinicia el navegador.<\/p><p>Para m\u00e1s informaci\u00f3n sobre Internet Explorer pulse aqu\u00ed: <a href=\"http:\/\/windows.microsoft.com\/es-419\/windows7\/how-to-manage-cookies-in-internet-explorer-9\">http:\/\/windows.microsoft.com\/es-419\/windows7\/how-to-manage-cookies-in-internet-explorer-9<\/a><\/p><p><strong>Firefox. Versi\u00f3n 18<\/strong><\/p><p>1. Selecciona Firefox | Historial | Limpiar el historial reciente.<br \/>2. Al lado de \u201cDetalles\u201d, haz clic en la flecha hacia abajo.<br \/>3. Selecciona las siguientes casillas de verificaci\u00f3n:\u00a0Cookies,\u00a0Cach\u00e9,\u00a0Inicios de sesi\u00f3n activos<br \/>4. Usando el \u201cIntervalo de tiempo para borrar\u201d en el men\u00fa desplegable, selecciona Todo.<br \/>5. Haz clic en Borrar ahora.<br \/>6. Cierra y reinicia el navegador.<\/p><p>Puede aceptar o rechazar las cookies individualmente en las<br \/>Preferencias de Firefox, en la secci\u00f3n Historial disponible en<br \/>Herramientas &gt; Opciones &gt; Privacidad.<\/p><p>Para m\u00e1s informaci\u00f3n sobre Mozilla Firefox pulse aqu\u00ed: <a href=\"https:\/\/www.mozilla.org\/es-ES\/privacy\/websites\/#cookies\">https:\/\/www.mozilla.org\/es-ES\/privacy\/websites\/#cookies<\/a><\/p><p><strong>Safari Versi\u00f3n 5.1<\/strong><\/p><p>1. Selecciona el icono de Safari \/ Editar | Restaurar Safari.<br \/>2. Selecciona las siguientes casillas de verificaci\u00f3n:\u00a0Borrar el historial,\u00a0Eliminar todos los datos de sitio web<br \/>3. Haz clic en Restablecer.<br \/>4. Cierra y reinicia el navegador.<\/p><p>Para m\u00e1s informaci\u00f3n sobre Safari pulse aqu\u00ed: <a href=\"http:\/\/support.apple.com\/kb\/PH5042\">http:\/\/support.apple.com\/kb\/PH5042<\/a><\/p><p><strong>Opera<\/strong><\/p><p>Opciones \u2013 Avanzado \u2013 Cookies.<br \/>Las opciones de cookies controlan el modo en que Opera los maneja y por lo tanto su aceptaci\u00f3n o rechazo.<\/p><p>Para m\u00e1s informaci\u00f3n sobre \u00d3pera pulse aqu\u00ed: <a href=\"http:\/\/help.opera.com\/Linux\/10.60\/es-ES\/cookies.html\">http:\/\/help.opera.com\/Linux\/10.60\/es-ES\/cookies.html<\/a><\/p><p><strong>Otros navegadores<\/strong><\/p><p>Consulte la documentaci\u00f3n del navegador que tenga instalado.<\/p><\/div><\/div>\n\t\t\t\t<\/div>\n\t\t\t\t<\/div>\n\t\t\t\t\t\t<\/div>\n\t\t\t\t\t<\/div>\n\t\t<\/div>\n\t\t\t\t\t\t\t\t<\/div>\n\t\t\t\t\t<\/div>\n\t\t<\/section>\n\t\t\t\t\t\t<\/div>\n\t\t\t\t\t\t<\/div>\n\t\t\t\t\t<\/div>\n\t\t","protected":false},"excerpt":{"rendered":"<p>Pol\u00edtica de Cookies INFORMACI\u00d3N SOBRE COOKIES Debido a la entrada en vigor de la referente modificaci\u00f3n de la \u201cLey de Servicios de la Sociedad de la Informaci\u00f3n\u201d (LSSICE) establecida por el Real Decreto 13\/2012, es de obligaci\u00f3n obtener el consentimiento expreso del usuario de todas las p\u00e1ginas web que usan cookies prescindibles,&nbsp;antes de que \u00e9ste &hellip;<\/p>\n<p class=\"read-more\"> <a class=\"\" href=\"https:\/\/hotelriojano.com\/index.php\/politica-de-cookies\/\"> <span class=\"screen-reader-text\">Pol\u00edtica de Cookies<\/span> Leer m\u00e1s &raquo;<\/a><\/p>\n","protected":false},"author":1,"featured_media":0,"parent":0,"menu_order":0,"comment_status":"closed","ping_status":"closed","template":"","meta":[],"_links":{"self":[{"href":"https:\/\/hotelriojano.com\/index.php\/wp-json\/wp\/v2\/pages\/727"}],"collection":[{"href":"https:\/\/hotelriojano.com\/index.php\/wp-json\/wp\/v2\/pages"}],"about":[{"href":"https:\/\/hotelriojano.com\/index.php\/wp-json\/wp\/v2\/types\/page"}],"author":[{"embeddable":true,"href":"https:\/\/hotelriojano.com\/index.php\/wp-json\/wp\/v2\/users\/1"}],"replies":[{"embeddable":true,"href":"https:\/\/hotelriojano.com\/index.php\/wp-json\/wp\/v2\/comments?post=727"}],"version-history":[{"count":6,"href":"https:\/\/hotelriojano.com\/index.php\/wp-json\/wp\/v2\/pages\/727\/revisions"}],"predecessor-version":[{"id":751,"href":"https:\/\/hotelriojano.com\/index.php\/wp-json\/wp\/v2\/pages\/727\/revisions\/751"}],"wp:attachment":[{"href":"https:\/\/hotelriojano.com\/index.php\/wp-json\/wp\/v2\/media?parent=727"}],"curies":[{"name":"wp","href":"https:\/\/api.w.org\/{rel}","templated":true}]}}